{"id":5989,"date":"2024-02-01T09:46:20","date_gmt":"2024-02-01T09:46:20","guid":{"rendered":"https:\/\/www.biarritz-academie-danse.com\/?page_id=5989"},"modified":"2024-02-05T16:06:38","modified_gmt":"2024-02-05T16:06:38","slug":"politique-de-confidentialite","status":"publish","type":"page","link":"https:\/\/www.biarritz-academie-danse.com\/en\/politique-de-confidentialite\/","title":{"rendered":"Privacy policy"},"content":{"rendered":"<div data-elementor-type=\"wp-page\" data-elementor-id=\"5989\" class=\"elementor elementor-5989\" data-elementor-post-type=\"page\">\n\t\t\t\t<div class=\"elementor-element elementor-element-2f6b20c e-con-full e-flex e-con e-parent\" data-id=\"2f6b20c\" data-element_type=\"container\" data-settings=\"{&quot;background_background&quot;:&quot;classic&quot;,&quot;jet_parallax_layout_list&quot;:[]}\" data-core-v316-plus=\"true\">\n\t\t\t\t<\/div>\n\t\t<div class=\"elementor-element elementor-element-cb431c3 e-con-full e-flex e-con e-parent\" data-id=\"cb431c3\" data-element_type=\"container\" data-settings=\"{&quot;jet_parallax_layout_list&quot;:[]}\" data-core-v316-plus=\"true\">\n\t\t\t\t<div class=\"elementor-element elementor-element-1abea32 elementor-widget elementor-widget-text-editor\" data-id=\"1abea32\" data-element_type=\"widget\" data-widget_type=\"text-editor.default\">\n\t\t\t\t<div class=\"elementor-widget-container\">\n\t\t\t<style>\/*! elementor - v3.20.0 - 26-03-2024 *\/\n.elementor-widget-text-editor.elementor-drop-cap-view-stacked .elementor-drop-cap{background-color:#69727d;color:#fff}.elementor-widget-text-editor.elementor-drop-cap-view-framed .elementor-drop-cap{color:#69727d;border:3px solid;background-color:transparent}.elementor-widget-text-editor:not(.elementor-drop-cap-view-default) .elementor-drop-cap{margin-top:8px}.elementor-widget-text-editor:not(.elementor-drop-cap-view-default) .elementor-drop-cap-letter{width:1em;height:1em}.elementor-widget-text-editor .elementor-drop-cap{float:left;text-align:center;line-height:1;font-size:50px}.elementor-widget-text-editor .elementor-drop-cap-letter{display:inline-block}<\/style>\t\t\t\t<h3><span style=\"text-decoration: underline;\">Privacy policy<\/span><\/h3><h5 style=\"background: white; vertical-align: baseline; margin: 15.0pt 0cm 15.0pt 0cm;\">Protection des donn\u00e9es personnelles<\/h5><p style=\"background: white; vertical-align: baseline; margin: 15.0pt 0cm 15.0pt 0cm;\"><span style=\"font-size: 13.5pt; font-family: Roboto; letter-spacing: 0.75pt; background: white;\">Le site accessible depuis l\u2019url <a href=\"http:\/\/www.biarritz-academie-danse.com\/en\/\">biarritz-academie-danse.com<\/a>, propri\u00e9t\u00e9 de l\u2019association Ballet Biarritz est d\u00e9clar\u00e9 aupr\u00e8s de la Commission Nationale Informatique et Libert\u00e9s (CNIL \u2013 France) en application de la loi n\u00b078-17 du 6 janvier 1978 relative \u00e0 l\u2019informatique, aux fichiers et aux libert\u00e9s. La politique de confidentialit\u00e9 assure que la consultation du site <\/span><span style=\"font-size: 13.5pt; font-family: Roboto; letter-spacing: 0.75pt; background: white;\"><a href=\"http:\/\/www.biarritz-academie-danse.com\/en\/\">www.biarritz-academie-danse.com <\/a>est possible sans que vous ayez \u00e0 r\u00e9v\u00e9ler votre identit\u00e9 ou toute autre information \u00e0 caract\u00e8re personnel vous concernant. Les informations nominatives communiqu\u00e9es \u00e0 l\u2019entit\u00e9 par les internautes sur ce site, par les formulaires ou questionnaires mis en ligne renseign\u00e9s par les internautes sont obligatoires pour leur traitement.\u00a0<\/span><\/p><p style=\"background: white; vertical-align: baseline; margin: 15.0pt 0cm 15.0pt 0cm;\"><span style=\"font-size: 13.5pt; font-family: Roboto; letter-spacing: 0.75pt; background: white;\">Elles sont destin\u00e9es \u00e0 l\u2019entit\u00e9, ou \u00e0 ses sous-traitants et\/ou ses prestataires pour des besoins de gestion. Elles ne sont communiqu\u00e9es \u00e0 des tiers que pour satisfaire aux obligations l\u00e9gales et r\u00e9glementaires. En communiquant leur adresse e-mail, les internautes acceptent que l\u2019\u00e9diteur leur adresse des informations soit par t\u00e9l\u00e9phone, soit par e-mail. Le titulaire dispose d\u2019un droit d\u2019acc\u00e8s et de rectification pour toute information le concernant aupr\u00e8s de l\u2019\u00e9diteur. Sauf opposition du titulaire, la soci\u00e9t\u00e9 pourra \u00eatre conduite \u00e0 traiter ces informations (notamment par courrier \u00e9lectronique, t\u00e9l\u00e9phone\u2026) \u00e0 son profit exclusif. Elle pourra aussi les traiter pour le compte de ses partenaires commerciaux dans le cadre d\u2019op\u00e9rations commerciales.\u00a0<\/span><\/p>\t\t\t\t\t\t<\/div>\n\t\t\t\t<\/div>\n\t\t\t\t<\/div>\n\t\t<div class=\"elementor-element elementor-element-70a026f e-flex e-con-boxed e-con e-parent\" data-id=\"70a026f\" data-element_type=\"container\" data-settings=\"{&quot;jet_parallax_layout_list&quot;:[]}\" data-core-v316-plus=\"true\">\n\t\t\t\t\t<div class=\"e-con-inner\">\n\t\t\t\t<div class=\"elementor-element elementor-element-4f982bc elementor-widget elementor-widget-spacer\" data-id=\"4f982bc\" data-element_type=\"widget\" data-widget_type=\"spacer.default\">\n\t\t\t\t<div class=\"elementor-widget-container\">\n\t\t\t<style>\/*! elementor - v3.20.0 - 26-03-2024 *\/\n.elementor-column .elementor-spacer-inner{height:var(--spacer-size)}.e-con{--container-widget-width:100%}.e-con-inner>.elementor-widget-spacer,.e-con>.elementor-widget-spacer{width:var(--container-widget-width,var(--spacer-size));--align-self:var(--container-widget-align-self,initial);--flex-shrink:0}.e-con-inner>.elementor-widget-spacer>.elementor-widget-container,.e-con>.elementor-widget-spacer>.elementor-widget-container{height:100%;width:100%}.e-con-inner>.elementor-widget-spacer>.elementor-widget-container>.elementor-spacer,.e-con>.elementor-widget-spacer>.elementor-widget-container>.elementor-spacer{height:100%}.e-con-inner>.elementor-widget-spacer>.elementor-widget-container>.elementor-spacer>.elementor-spacer-inner,.e-con>.elementor-widget-spacer>.elementor-widget-container>.elementor-spacer>.elementor-spacer-inner{height:var(--container-widget-height,var(--spacer-size))}.e-con-inner>.elementor-widget-spacer.elementor-widget-empty,.e-con>.elementor-widget-spacer.elementor-widget-empty{position:relative;min-height:22px;min-width:22px}.e-con-inner>.elementor-widget-spacer.elementor-widget-empty .elementor-widget-empty-icon,.e-con>.elementor-widget-spacer.elementor-widget-empty .elementor-widget-empty-icon{position:absolute;top:0;bottom:0;left:0;right:0;margin:auto;padding:0;width:22px;height:22px}<\/style>\t\t<div class=\"elementor-spacer\">\n\t\t\t<div class=\"elementor-spacer-inner\"><\/div>\n\t\t<\/div>\n\t\t\t\t<\/div>\n\t\t\t\t<\/div>\n\t\t\t\t\t<\/div>\n\t\t\t\t<\/div>\n\t\t<div class=\"elementor-element elementor-element-973b51f e-con-full e-flex e-con e-parent\" data-id=\"973b51f\" data-element_type=\"container\" data-settings=\"{&quot;jet_parallax_layout_list&quot;:[]}\" data-core-v316-plus=\"true\">\n\t\t\t\t<div class=\"elementor-element elementor-element-3cfe190 elementor-widget elementor-widget-text-editor\" data-id=\"3cfe190\" data-element_type=\"widget\" data-widget_type=\"text-editor.default\">\n\t\t\t\t<div class=\"elementor-widget-container\">\n\t\t\t\t\t\t\t<h5>SECURIT\u00c9<\/h5><p>Nous prenons toutes les pr\u00e9cautions utiles afin de pr\u00e9server l\u2019int\u00e9grit\u00e9 des donn\u00e9es, leur confidentialit\u00e9 et emp\u00eacher toute communication \u00e0 des tiers non autoris\u00e9s.<\/p><h5>Liens hypertextes<\/h5><p>La mise en place d\u2019un lien hypertexte vers le site <a href=\"http:\/\/www.biarritz-academie-danse.com\/en\/\">www.biarritz-academie-danse.com<\/a> ne n\u00e9cessite pas d\u2019autorisation pr\u00e9alable et \u00e9crite de Ballet Biarritz. N\u00e9anmoins, Ballet Biarritz doit en \u00eatre inform\u00e9 dans un d\u00e9lai maximum de 10 jours apr\u00e8s la mise en place du lien. En tout \u00e9tat de cause, Ballet Biarritz n\u2019est en aucun cas tenu responsable du contenu ainsi que des produits ou services propos\u00e9s sur les sites auxquels le site <a href=\"http:\/\/www.biarritz-academie-danse.com\/en\/\">www.biarritz-academie-danse.com<\/a> se trouverait li\u00e9 par des liens hypertextes ou tout autre type de lien.<\/p><h5>Mise \u00e0 jour<\/h5><p>Ballet Biarritz se r\u00e9serve le droit de modifier et de mettre \u00e0 jour, sans pr\u00e9avis, les pr\u00e9sentes mentions l\u00e9gales et tous les \u00e9l\u00e9ments, produits pr\u00e9sent\u00e9s sur le site. L\u2019ensemble de ces modifications s\u2019impose aux internautes qui doivent consulter les pr\u00e9sentes Conditions G\u00e9n\u00e9rales lors de chaque connexion.<\/p><h5>Donn\u00e9es statistiques d\u2019audience<\/h5><p>Nous utilisons les donn\u00e9es de connexion pour nos statistiques de consultation (type de navigateur, nombre de visiteurs, rubriques visit\u00e9es\u2026). Mais aussi pour l\u2019optimisation de notre site en termes de rubriques et de navigation. Cependant ces informations ne sont pas transmises \u00e0 des tiers. Les cookies du site ne contiennent pas de donn\u00e9es permettant de vous identifier personnellement. Ils sont con\u00e7us pour \u00eatre utilis\u00e9s uniquement par Ballet Biarritz.<\/p><h5>UTILISATION DES DONN\u00c9ES PERSONNELLES COLLECT\u00c9ES<\/h5><p><span style=\"text-decoration: underline;\">Contenu embarqu\u00e9 depuis d\u2019autres sites<\/span><\/p><p>Les articles de ce site peuvent inclure des contenus int\u00e9gr\u00e9s (par exemple des vid\u00e9os, images, articles\u2026). Le contenu int\u00e9gr\u00e9 depuis d\u2019autres sites se comporte de la m\u00eame mani\u00e8re que si le visiteur se rendait sur cet autre site.<\/p><p>Ces sites web pourraient collecter des donn\u00e9es sur vous, utiliser des cookies, embarquer des outils de suivis tiers, suivre vos interactions avec ces contenus embarqu\u00e9s si vous disposez d\u2019un compte connect\u00e9 sur leur site web.<\/p><h5>UTILISATION ET TRANSMISSION DE VOS DONN\u00c9ES PERSONNELLES<\/h5><p><span style=\"text-decoration: underline;\">Dur\u00e9es de stockage de vos donn\u00e9es<\/span><\/p><p>Si vous envoyez un message via le formulaire de contact de notre site, le message et ses m\u00e9tadonn\u00e9es sont conserv\u00e9s ind\u00e9finiment. Cela permet de reconna\u00eetre et approuver automatiquement les messages suivants. L\u2019utilisation de vos donn\u00e9es personnelles peut ainsi permettre de vous envoyer des informations par e-mail et courrier sur l\u2019actualit\u00e9 des spectacles et rendez-vous du Malandain Ballet Biarritz.<br \/>Tous les utilisateurs et utilisatrices peuvent voir, modifier ou supprimer leurs informations personnelles \u00e0 tout moment (\u00e0 l\u2019exception de leur nom d\u2019utilisateur\u00b7ice). Les gestionnaires du site peuvent aussi voir et modifier ces informations.<\/p><h5>LES DROITS QUE VOUS AVEZ SUR VOS DONN\u00c9ES<\/h5><p>Si vous avez envoy\u00e9 un message via le formulaire de contact de notre site, vous pouvez demander \u00e0 recevoir un fichier contenant toutes les donn\u00e9es personnelles que nous poss\u00e9dons \u00e0 votre sujet, incluant celles que vous nous avez fournies. Vous pouvez \u00e9galement demander la suppression des donn\u00e9es personnelles vous concernant. Cela ne prend pas en compte les donn\u00e9es stock\u00e9es \u00e0 des fins administratives, l\u00e9gales ou pour des raisons de s\u00e9curit\u00e9.<\/p>\t\t\t\t\t\t<\/div>\n\t\t\t\t<\/div>\n\t\t\t\t<\/div>\n\t\t<div class=\"elementor-element elementor-element-f914026 e-flex e-con-boxed e-con e-parent\" data-id=\"f914026\" data-element_type=\"container\" data-settings=\"{&quot;jet_parallax_layout_list&quot;:[]}\" data-core-v316-plus=\"true\">\n\t\t\t\t\t<div class=\"e-con-inner\">\n\t\t\t\t<div class=\"elementor-element elementor-element-6441e00 elementor-widget elementor-widget-spacer\" data-id=\"6441e00\" data-element_type=\"widget\" data-widget_type=\"spacer.default\">\n\t\t\t\t<div class=\"elementor-widget-container\">\n\t\t\t\t\t<div class=\"elementor-spacer\">\n\t\t\t<div class=\"elementor-spacer-inner\"><\/div>\n\t\t<\/div>\n\t\t\t\t<\/div>\n\t\t\t\t<\/div>\n\t\t\t\t\t<\/div>\n\t\t\t\t<\/div>\n\t\t<div class=\"elementor-element elementor-element-1254f1d e-flex e-con-boxed e-con e-parent\" data-id=\"1254f1d\" data-element_type=\"container\" data-settings=\"{&quot;jet_parallax_layout_list&quot;:[]}\" data-core-v316-plus=\"true\">\n\t\t\t\t\t<div class=\"e-con-inner\">\n\t\t\t\t<div class=\"elementor-element elementor-element-8cc3ee3 elementor-widget elementor-widget-spacer\" data-id=\"8cc3ee3\" data-element_type=\"widget\" data-widget_type=\"spacer.default\">\n\t\t\t\t<div class=\"elementor-widget-container\">\n\t\t\t\t\t<div class=\"elementor-spacer\">\n\t\t\t<div class=\"elementor-spacer-inner\"><\/div>\n\t\t<\/div>\n\t\t\t\t<\/div>\n\t\t\t\t<\/div>\n\t\t\t\t\t<\/div>\n\t\t\t\t<\/div>\n\t\t\t\t<\/div>","protected":false},"excerpt":{"rendered":"<p>Politique de confidentialit\u00e9 Protection des donn\u00e9es personnelles Le site accessible depuis l\u2019url biarritz-academie-danse.com, propri\u00e9t\u00e9 de l\u2019association Ballet Biarritz est d\u00e9clar\u00e9 aupr\u00e8s de la Commission Nationale Informatique et Libert\u00e9s (CNIL \u2013 France) en application de la loi n\u00b078-17 du 6 janvier [&hellip;]<\/p>\n","protected":false},"author":2,"featured_media":0,"parent":0,"menu_order":0,"comment_status":"closed","ping_status":"closed","template":"elementor_header_footer","meta":{"_acf_changed":false,"footnotes":""},"acf":[],"yoast_head":"<!-- This site is optimized with the Yoast SEO plugin v23.5 - https:\/\/yoast.com\/wordpress\/plugins\/seo\/ -->\n<title>Politique de confidentialit\u00e9 - Biarritz Acad\u00e9mie de danse<\/title>\n<meta name=\"description\" content=\"Retrouvez la politique de confidentialit\u00e9 et protection des donn\u00e9es personnelles du site de l&#039;Acad\u00e9mie Internationale de Danse de Biarritz.\" \/>\n<meta name=\"robots\" content=\"index, follow, max-snippet:-1, max-image-preview:large, max-video-preview:-1\" \/>\n<link rel=\"canonical\" href=\"https:\/\/www.biarritz-academie-danse.com\/en\/politique-de-confidentialite\/\" \/>\n<meta property=\"og:locale\" content=\"en_GB\" \/>\n<meta property=\"og:type\" content=\"article\" \/>\n<meta property=\"og:title\" content=\"Politique de confidentialit\u00e9 - Biarritz Acad\u00e9mie de danse\" \/>\n<meta property=\"og:description\" content=\"Retrouvez la politique de confidentialit\u00e9 et protection des donn\u00e9es personnelles du site de l&#039;Acad\u00e9mie Internationale de Danse de Biarritz.\" \/>\n<meta property=\"og:url\" content=\"https:\/\/www.biarritz-academie-danse.com\/en\/politique-de-confidentialite\/\" \/>\n<meta property=\"og:site_name\" content=\"Biarritz Acad\u00e9mie de danse\" \/>\n<meta property=\"article:publisher\" content=\"https:\/\/www.facebook.com\/people\/Acadmie-Internationale-de-Danse-de-Biarritz\/100057286936432\/\" \/>\n<meta property=\"article:modified_time\" content=\"2024-02-05T16:06:38+00:00\" \/>\n<meta name=\"twitter:card\" content=\"summary_large_image\" \/>\n<meta name=\"twitter:label1\" content=\"Estimated reading time\" \/>\n\t<meta name=\"twitter:data1\" content=\"4 minutes\" \/>\n<script type=\"application\/ld+json\" class=\"yoast-schema-graph\">{\"@context\":\"https:\/\/schema.org\",\"@graph\":[{\"@type\":\"WebPage\",\"@id\":\"https:\/\/www.biarritz-academie-danse.com\/politique-de-confidentialite\/\",\"url\":\"https:\/\/www.biarritz-academie-danse.com\/politique-de-confidentialite\/\",\"name\":\"Politique de confidentialit\u00e9 - Biarritz Acad\u00e9mie de danse\",\"isPartOf\":{\"@id\":\"https:\/\/www.biarritz-academie-danse.com\/#website\"},\"datePublished\":\"2024-02-01T09:46:20+00:00\",\"dateModified\":\"2024-02-05T16:06:38+00:00\",\"description\":\"Retrouvez la politique de confidentialit\u00e9 et protection des donn\u00e9es personnelles du site de l'Acad\u00e9mie Internationale de Danse de Biarritz.\",\"breadcrumb\":{\"@id\":\"https:\/\/www.biarritz-academie-danse.com\/politique-de-confidentialite\/#breadcrumb\"},\"inLanguage\":\"en-GB\",\"potentialAction\":[{\"@type\":\"ReadAction\",\"target\":[\"https:\/\/www.biarritz-academie-danse.com\/politique-de-confidentialite\/\"]}]},{\"@type\":\"BreadcrumbList\",\"@id\":\"https:\/\/www.biarritz-academie-danse.com\/politique-de-confidentialite\/#breadcrumb\",\"itemListElement\":[{\"@type\":\"ListItem\",\"position\":1,\"name\":\"Accueil\",\"item\":\"https:\/\/www.biarritz-academie-danse.com\/\"},{\"@type\":\"ListItem\",\"position\":2,\"name\":\"Politique de confidentialit\u00e9\"}]},{\"@type\":\"WebSite\",\"@id\":\"https:\/\/www.biarritz-academie-danse.com\/#website\",\"url\":\"https:\/\/www.biarritz-academie-danse.com\/\",\"name\":\"Biarritz Acad\u00e9mie de danse\",\"description\":\"site du stage international de danse de biarritz\",\"publisher\":{\"@id\":\"https:\/\/www.biarritz-academie-danse.com\/#organization\"},\"potentialAction\":[{\"@type\":\"SearchAction\",\"target\":{\"@type\":\"EntryPoint\",\"urlTemplate\":\"https:\/\/www.biarritz-academie-danse.com\/?s={search_term_string}\"},\"query-input\":{\"@type\":\"PropertyValueSpecification\",\"valueRequired\":true,\"valueName\":\"search_term_string\"}}],\"inLanguage\":\"en-GB\"},{\"@type\":\"Organization\",\"@id\":\"https:\/\/www.biarritz-academie-danse.com\/#organization\",\"name\":\"Acad\u00e9mie Internationale de Danse de Biarritz\",\"url\":\"https:\/\/www.biarritz-academie-danse.com\/\",\"logo\":{\"@type\":\"ImageObject\",\"inLanguage\":\"en-GB\",\"@id\":\"https:\/\/www.biarritz-academie-danse.com\/#\/schema\/logo\/image\/\",\"url\":\"\",\"contentUrl\":\"\",\"caption\":\"Acad\u00e9mie Internationale de Danse de Biarritz\"},\"image\":{\"@id\":\"https:\/\/www.biarritz-academie-danse.com\/#\/schema\/logo\/image\/\"},\"sameAs\":[\"https:\/\/www.facebook.com\/people\/Acadmie-Internationale-de-Danse-de-Biarritz\/100057286936432\/\",\"https:\/\/www.instagram.com\/academie_danse_biarritz\/\"]}]}<\/script>\n<!-- \/ Yoast SEO plugin. -->","yoast_head_json":{"title":"Politique de confidentialit\u00e9 - Biarritz Acad\u00e9mie de danse","description":"Retrouvez la politique de confidentialit\u00e9 et protection des donn\u00e9es personnelles du site de l'Acad\u00e9mie Internationale de Danse de Biarritz.","robots":{"index":"index","follow":"follow","max-snippet":"max-snippet:-1","max-image-preview":"max-image-preview:large","max-video-preview":"max-video-preview:-1"},"canonical":"https:\/\/www.biarritz-academie-danse.com\/en\/politique-de-confidentialite\/","og_locale":"en_GB","og_type":"article","og_title":"Politique de confidentialit\u00e9 - Biarritz Acad\u00e9mie de danse","og_description":"Retrouvez la politique de confidentialit\u00e9 et protection des donn\u00e9es personnelles du site de l'Acad\u00e9mie Internationale de Danse de Biarritz.","og_url":"https:\/\/www.biarritz-academie-danse.com\/en\/politique-de-confidentialite\/","og_site_name":"Biarritz Acad\u00e9mie de danse","article_publisher":"https:\/\/www.facebook.com\/people\/Acadmie-Internationale-de-Danse-de-Biarritz\/100057286936432\/","article_modified_time":"2024-02-05T16:06:38+00:00","twitter_card":"summary_large_image","twitter_misc":{"Estimated reading time":"4 minutes"},"schema":{"@context":"https:\/\/schema.org","@graph":[{"@type":"WebPage","@id":"https:\/\/www.biarritz-academie-danse.com\/politique-de-confidentialite\/","url":"https:\/\/www.biarritz-academie-danse.com\/politique-de-confidentialite\/","name":"Politique de confidentialit\u00e9 - Biarritz Acad\u00e9mie de danse","isPartOf":{"@id":"https:\/\/www.biarritz-academie-danse.com\/#website"},"datePublished":"2024-02-01T09:46:20+00:00","dateModified":"2024-02-05T16:06:38+00:00","description":"Retrouvez la politique de confidentialit\u00e9 et protection des donn\u00e9es personnelles du site de l'Acad\u00e9mie Internationale de Danse de Biarritz.","breadcrumb":{"@id":"https:\/\/www.biarritz-academie-danse.com\/politique-de-confidentialite\/#breadcrumb"},"inLanguage":"en-GB","potentialAction":[{"@type":"ReadAction","target":["https:\/\/www.biarritz-academie-danse.com\/politique-de-confidentialite\/"]}]},{"@type":"BreadcrumbList","@id":"https:\/\/www.biarritz-academie-danse.com\/politique-de-confidentialite\/#breadcrumb","itemListElement":[{"@type":"ListItem","position":1,"name":"Accueil","item":"https:\/\/www.biarritz-academie-danse.com\/"},{"@type":"ListItem","position":2,"name":"Politique de confidentialit\u00e9"}]},{"@type":"WebSite","@id":"https:\/\/www.biarritz-academie-danse.com\/#website","url":"https:\/\/www.biarritz-academie-danse.com\/","name":"Biarritz Acad\u00e9mie de danse","description":"site du stage international de danse de biarritz","publisher":{"@id":"https:\/\/www.biarritz-academie-danse.com\/#organization"},"potentialAction":[{"@type":"SearchAction","target":{"@type":"EntryPoint","urlTemplate":"https:\/\/www.biarritz-academie-danse.com\/?s={search_term_string}"},"query-input":{"@type":"PropertyValueSpecification","valueRequired":true,"valueName":"search_term_string"}}],"inLanguage":"en-GB"},{"@type":"Organization","@id":"https:\/\/www.biarritz-academie-danse.com\/#organization","name":"Acad\u00e9mie Internationale de Danse de Biarritz","url":"https:\/\/www.biarritz-academie-danse.com\/","logo":{"@type":"ImageObject","inLanguage":"en-GB","@id":"https:\/\/www.biarritz-academie-danse.com\/#\/schema\/logo\/image\/","url":"","contentUrl":"","caption":"Acad\u00e9mie Internationale de Danse de Biarritz"},"image":{"@id":"https:\/\/www.biarritz-academie-danse.com\/#\/schema\/logo\/image\/"},"sameAs":["https:\/\/www.facebook.com\/people\/Acadmie-Internationale-de-Danse-de-Biarritz\/100057286936432\/","https:\/\/www.instagram.com\/academie_danse_biarritz\/"]}]}},"_links":{"self":[{"href":"https:\/\/www.biarritz-academie-danse.com\/en\/wp-json\/wp\/v2\/pages\/5989"}],"collection":[{"href":"https:\/\/www.biarritz-academie-danse.com\/en\/wp-json\/wp\/v2\/pages"}],"about":[{"href":"https:\/\/www.biarritz-academie-danse.com\/en\/wp-json\/wp\/v2\/types\/page"}],"author":[{"embeddable":true,"href":"https:\/\/www.biarritz-academie-danse.com\/en\/wp-json\/wp\/v2\/users\/2"}],"replies":[{"embeddable":true,"href":"https:\/\/www.biarritz-academie-danse.com\/en\/wp-json\/wp\/v2\/comments?post=5989"}],"version-history":[{"count":54,"href":"https:\/\/www.biarritz-academie-danse.com\/en\/wp-json\/wp\/v2\/pages\/5989\/revisions"}],"predecessor-version":[{"id":6207,"href":"https:\/\/www.biarritz-academie-danse.com\/en\/wp-json\/wp\/v2\/pages\/5989\/revisions\/6207"}],"wp:attachment":[{"href":"https:\/\/www.biarritz-academie-danse.com\/en\/wp-json\/wp\/v2\/media?parent=5989"}],"curies":[{"name":"wp","href":"https:\/\/api.w.org\/{rel}","templated":true}]}}