{"id":4030,"date":"2024-01-17T17:27:09","date_gmt":"2024-01-17T17:27:09","guid":{"rendered":"https:\/\/malandainac.greenshift.eu\/?page_id=4030"},"modified":"2024-12-23T11:33:48","modified_gmt":"2024-12-23T11:33:48","slug":"beatrice-legendre-choukroun","status":"publish","type":"page","link":"https:\/\/www.biarritz-academie-danse.com\/en\/beatrice-legendre-choukroun\/","title":{"rendered":"B\u00e9atrice Legendre-Choukroun"},"content":{"rendered":"\t\t<div data-elementor-type=\"wp-page\" data-elementor-id=\"4030\" class=\"elementor elementor-4030\" data-elementor-post-type=\"page\">\n\t\t\t\t<div class=\"elementor-element elementor-element-d66d1e0 e-con-full e-flex e-con e-parent\" data-id=\"d66d1e0\" data-element_type=\"container\" data-settings=\"{&quot;jet_parallax_layout_list&quot;:[],&quot;background_background&quot;:&quot;classic&quot;}\" data-core-v316-plus=\"true\">\n\t\t\t\t<\/div>\n\t\t<div class=\"elementor-element elementor-element-aed341e e-flex e-con-boxed e-con e-parent\" data-id=\"aed341e\" data-element_type=\"container\" data-settings=\"{&quot;jet_parallax_layout_list&quot;:[]}\" data-core-v316-plus=\"true\">\n\t\t\t\t\t<div class=\"e-con-inner\">\n\t\t\t\t<div class=\"elementor-element elementor-element-a43cc46 elementor-widget elementor-widget-spacer\" data-id=\"a43cc46\" data-element_type=\"widget\" data-widget_type=\"spacer.default\">\n\t\t\t\t<div class=\"elementor-widget-container\">\n\t\t\t<style>\/*! elementor - v3.20.0 - 26-03-2024 *\/\n.elementor-column .elementor-spacer-inner{height:var(--spacer-size)}.e-con{--container-widget-width:100%}.e-con-inner>.elementor-widget-spacer,.e-con>.elementor-widget-spacer{width:var(--container-widget-width,var(--spacer-size));--align-self:var(--container-widget-align-self,initial);--flex-shrink:0}.e-con-inner>.elementor-widget-spacer>.elementor-widget-container,.e-con>.elementor-widget-spacer>.elementor-widget-container{height:100%;width:100%}.e-con-inner>.elementor-widget-spacer>.elementor-widget-container>.elementor-spacer,.e-con>.elementor-widget-spacer>.elementor-widget-container>.elementor-spacer{height:100%}.e-con-inner>.elementor-widget-spacer>.elementor-widget-container>.elementor-spacer>.elementor-spacer-inner,.e-con>.elementor-widget-spacer>.elementor-widget-container>.elementor-spacer>.elementor-spacer-inner{height:var(--container-widget-height,var(--spacer-size))}.e-con-inner>.elementor-widget-spacer.elementor-widget-empty,.e-con>.elementor-widget-spacer.elementor-widget-empty{position:relative;min-height:22px;min-width:22px}.e-con-inner>.elementor-widget-spacer.elementor-widget-empty .elementor-widget-empty-icon,.e-con>.elementor-widget-spacer.elementor-widget-empty .elementor-widget-empty-icon{position:absolute;top:0;bottom:0;left:0;right:0;margin:auto;padding:0;width:22px;height:22px}<\/style>\t\t<div class=\"elementor-spacer\">\n\t\t\t<div class=\"elementor-spacer-inner\"><\/div>\n\t\t<\/div>\n\t\t\t\t<\/div>\n\t\t\t\t<\/div>\n\t\t\t\t<div class=\"elementor-element elementor-element-74e1caa elementor-widget elementor-widget-spacer\" data-id=\"74e1caa\" data-element_type=\"widget\" data-widget_type=\"spacer.default\">\n\t\t\t\t<div class=\"elementor-widget-container\">\n\t\t\t\t\t<div class=\"elementor-spacer\">\n\t\t\t<div class=\"elementor-spacer-inner\"><\/div>\n\t\t<\/div>\n\t\t\t\t<\/div>\n\t\t\t\t<\/div>\n\t\t\t\t\t<\/div>\n\t\t\t\t<\/div>\n\t\t<div class=\"elementor-element elementor-element-9b46c0a e-flex e-con-boxed e-con e-parent\" data-id=\"9b46c0a\" data-element_type=\"container\" data-settings=\"{&quot;jet_parallax_layout_list&quot;:[]}\" data-core-v316-plus=\"true\">\n\t\t\t\t\t<div class=\"e-con-inner\">\n\t\t\t\t<div class=\"elementor-element elementor-element-e1ed0e2 elementor-widget elementor-widget-heading\" data-id=\"e1ed0e2\" data-element_type=\"widget\" data-widget_type=\"heading.default\">\n\t\t\t\t<div class=\"elementor-widget-container\">\n\t\t\t<style>\/*! elementor - v3.20.0 - 26-03-2024 *\/\n.elementor-heading-title{padding:0;margin:0;line-height:1}.elementor-widget-heading .elementor-heading-title[class*=elementor-size-]>a{color:inherit;font-size:inherit;line-height:inherit}.elementor-widget-heading .elementor-heading-title.elementor-size-small{font-size:15px}.elementor-widget-heading .elementor-heading-title.elementor-size-medium{font-size:19px}.elementor-widget-heading .elementor-heading-title.elementor-size-large{font-size:29px}.elementor-widget-heading .elementor-heading-title.elementor-size-xl{font-size:39px}.elementor-widget-heading .elementor-heading-title.elementor-size-xxl{font-size:59px}<\/style><h2 class=\"elementor-heading-title elementor-size-default\">B\u00e9atrice Legendre-Choukroun\n<\/h2>\t\t<\/div>\n\t\t\t\t<\/div>\n\t\t\t\t\t<\/div>\n\t\t\t\t<\/div>\n\t\t<div class=\"elementor-element elementor-element-b279d4c e-flex e-con-boxed e-con e-parent\" data-id=\"b279d4c\" data-element_type=\"container\" data-settings=\"{&quot;jet_parallax_layout_list&quot;:[]}\" data-core-v316-plus=\"true\">\n\t\t\t\t\t<div class=\"e-con-inner\">\n\t\t\t\t<div class=\"elementor-element elementor-element-ea6370c elementor-widget elementor-widget-spacer\" data-id=\"ea6370c\" data-element_type=\"widget\" data-widget_type=\"spacer.default\">\n\t\t\t\t<div class=\"elementor-widget-container\">\n\t\t\t\t\t<div class=\"elementor-spacer\">\n\t\t\t<div class=\"elementor-spacer-inner\"><\/div>\n\t\t<\/div>\n\t\t\t\t<\/div>\n\t\t\t\t<\/div>\n\t\t\t\t\t<\/div>\n\t\t\t\t<\/div>\n\t\t<div class=\"elementor-element elementor-element-aaecf9b e-flex e-con-boxed e-con e-parent\" data-id=\"aaecf9b\" data-element_type=\"container\" data-settings=\"{&quot;jet_parallax_layout_list&quot;:[]}\" data-core-v316-plus=\"true\">\n\t\t\t\t\t<div class=\"e-con-inner\">\n\t\t<div class=\"elementor-element elementor-element-0e3d6a0 e-con-full e-flex e-con e-child\" data-id=\"0e3d6a0\" data-element_type=\"container\" data-settings=\"{&quot;jet_parallax_layout_list&quot;:[]}\">\n\t\t\t\t<div class=\"elementor-element elementor-element-0039b1e elementor-widget elementor-widget-image\" data-id=\"0039b1e\" data-element_type=\"widget\" data-widget_type=\"image.default\">\n\t\t\t\t<div class=\"elementor-widget-container\">\n\t\t\t<style>\/*! elementor - v3.20.0 - 26-03-2024 *\/\n.elementor-widget-image{text-align:center}.elementor-widget-image a{display:inline-block}.elementor-widget-image a img[src$=\".svg\"]{width:48px}.elementor-widget-image img{vertical-align:middle;display:inline-block}<\/style>\t\t\t\t\t\t\t\t\t\t<img fetchpriority=\"high\" decoding=\"async\" width=\"300\" height=\"300\" src=\"https:\/\/www.biarritz-academie-danse.com\/wp-content\/uploads\/2024\/12\/Beatrice-Legendre-David-Herrero-scaled-e1734949881665-300x300.jpg\" class=\"attachment-medium size-medium wp-image-6513\" alt=\"\" srcset=\"https:\/\/www.biarritz-academie-danse.com\/wp-content\/uploads\/2024\/12\/Beatrice-Legendre-David-Herrero-scaled-e1734949881665-300x300.jpg 300w, https:\/\/www.biarritz-academie-danse.com\/wp-content\/uploads\/2024\/12\/Beatrice-Legendre-David-Herrero-scaled-e1734949881665-1024x1024.jpg 1024w, https:\/\/www.biarritz-academie-danse.com\/wp-content\/uploads\/2024\/12\/Beatrice-Legendre-David-Herrero-scaled-e1734949881665-150x150.jpg 150w, https:\/\/www.biarritz-academie-danse.com\/wp-content\/uploads\/2024\/12\/Beatrice-Legendre-David-Herrero-scaled-e1734949881665-768x768.jpg 768w, https:\/\/www.biarritz-academie-danse.com\/wp-content\/uploads\/2024\/12\/Beatrice-Legendre-David-Herrero-scaled-e1734949881665-1536x1536.jpg 1536w, https:\/\/www.biarritz-academie-danse.com\/wp-content\/uploads\/2024\/12\/Beatrice-Legendre-David-Herrero-scaled-e1734949881665-12x12.jpg 12w, https:\/\/www.biarritz-academie-danse.com\/wp-content\/uploads\/2024\/12\/Beatrice-Legendre-David-Herrero-scaled-e1734949881665-550x550.jpg 550w, https:\/\/www.biarritz-academie-danse.com\/wp-content\/uploads\/2024\/12\/Beatrice-Legendre-David-Herrero-scaled-e1734949881665-1100x1100.jpg 1100w, https:\/\/www.biarritz-academie-danse.com\/wp-content\/uploads\/2024\/12\/Beatrice-Legendre-David-Herrero-scaled-e1734949881665.jpg 1706w\" sizes=\"(max-width: 300px) 100vw, 300px\" \/>\t\t\t\t\t\t\t\t\t\t\t\t\t<\/div>\n\t\t\t\t<\/div>\n\t\t\t\t<\/div>\n\t\t<div class=\"elementor-element elementor-element-2a8d65a e-con-full e-flex e-con e-child\" data-id=\"2a8d65a\" data-element_type=\"container\" data-settings=\"{&quot;jet_parallax_layout_list&quot;:[]}\">\n\t\t\t\t<div class=\"elementor-element elementor-element-655f3e5 elementor-widget elementor-widget-text-editor\" data-id=\"655f3e5\" data-element_type=\"widget\" data-widget_type=\"text-editor.default\">\n\t\t\t\t<div class=\"elementor-widget-container\">\n\t\t\t<style>\/*! elementor - v3.20.0 - 26-03-2024 *\/\n.elementor-widget-text-editor.elementor-drop-cap-view-stacked .elementor-drop-cap{background-color:#69727d;color:#fff}.elementor-widget-text-editor.elementor-drop-cap-view-framed .elementor-drop-cap{color:#69727d;border:3px solid;background-color:transparent}.elementor-widget-text-editor:not(.elementor-drop-cap-view-default) .elementor-drop-cap{margin-top:8px}.elementor-widget-text-editor:not(.elementor-drop-cap-view-default) .elementor-drop-cap-letter{width:1em;height:1em}.elementor-widget-text-editor .elementor-drop-cap{float:left;text-align:center;line-height:1;font-size:50px}.elementor-widget-text-editor .elementor-drop-cap-letter{display:inline-block}<\/style>\t\t\t\t<p>Danseuse dans de nombreuses compagnies, professeur titulaire des conservatoires de Paris, sa m\u00e9thode de barre \u00e0 terre d\u00e9veloppe force, endurance, souplesse, coordination et conscience corporelle. Au travers d\u2019une s\u00e9rie d\u2019exercices progressifs ex\u00e9cut\u00e9s au sol, elle permet de sculpter le corps, rectifier la posture, d\u2019assouplir les articulations et tonifier les muscles.<\/p><p>Elle assure \u00e9galement les cours des niveaux pr\u00e9paratoire et \u00e9l\u00e9mentaire.<\/p><p>\u00a0<\/p><p>Photo : David Herrero<\/p>\t\t\t\t\t\t<\/div>\n\t\t\t\t<\/div>\n\t\t\t\t<\/div>\n\t\t\t\t\t<\/div>\n\t\t\t\t<\/div>\n\t\t<div class=\"elementor-element elementor-element-0109b19 e-flex e-con-boxed e-con e-parent\" data-id=\"0109b19\" data-element_type=\"container\" data-settings=\"{&quot;jet_parallax_layout_list&quot;:[]}\" data-core-v316-plus=\"true\">\n\t\t\t\t\t<div class=\"e-con-inner\">\n\t\t\t\t<div class=\"elementor-element elementor-element-deeff80 elementor-widget elementor-widget-spacer\" data-id=\"deeff80\" data-element_type=\"widget\" data-widget_type=\"spacer.default\">\n\t\t\t\t<div class=\"elementor-widget-container\">\n\t\t\t\t\t<div class=\"elementor-spacer\">\n\t\t\t<div class=\"elementor-spacer-inner\"><\/div>\n\t\t<\/div>\n\t\t\t\t<\/div>\n\t\t\t\t<\/div>\n\t\t\t\t\t<\/div>\n\t\t\t\t<\/div>\n\t\t\t\t<\/div>\n\t\t","protected":false},"excerpt":{"rendered":"<p>B\u00e9atrice Legendre-Choukroun Danseuse dans de nombreuses compagnies, professeur titulaire des conservatoires de Paris, sa m\u00e9thode de barre \u00e0 terre d\u00e9veloppe force, endurance, souplesse, coordination et conscience corporelle. Au travers d\u2019une s\u00e9rie d\u2019exercices progressifs ex\u00e9cut\u00e9s au sol, elle permet de sculpter [&hellip;]<\/p>\n","protected":false},"author":2,"featured_media":0,"parent":0,"menu_order":0,"comment_status":"closed","ping_status":"closed","template":"elementor_header_footer","meta":{"_acf_changed":false,"footnotes":""},"acf":[],"yoast_head":"<!-- This site is optimized with the Yoast SEO plugin v23.5 - https:\/\/yoast.com\/wordpress\/plugins\/seo\/ -->\n<title>B\u00e9atrice Legendre-Choukroun - Biarritz Acad\u00e9mie de danse<\/title>\n<meta name=\"robots\" content=\"index, follow, max-snippet:-1, max-image-preview:large, max-video-preview:-1\" \/>\n<link rel=\"canonical\" href=\"https:\/\/www.biarritz-academie-danse.com\/en\/beatrice-legendre-choukroun\/\" \/>\n<meta property=\"og:locale\" content=\"en_GB\" \/>\n<meta property=\"og:type\" content=\"article\" \/>\n<meta property=\"og:title\" content=\"B\u00e9atrice Legendre-Choukroun - Biarritz Acad\u00e9mie de danse\" \/>\n<meta property=\"og:description\" content=\"B\u00e9atrice Legendre-Choukroun Danseuse dans de nombreuses compagnies, professeur titulaire des conservatoires de Paris, sa m\u00e9thode de barre \u00e0 terre d\u00e9veloppe force, endurance, souplesse, coordination et conscience corporelle. Au travers d\u2019une s\u00e9rie d\u2019exercices progressifs ex\u00e9cut\u00e9s au sol, elle permet de sculpter [&hellip;]\" \/>\n<meta property=\"og:url\" content=\"https:\/\/www.biarritz-academie-danse.com\/en\/beatrice-legendre-choukroun\/\" \/>\n<meta property=\"og:site_name\" content=\"Biarritz Acad\u00e9mie de danse\" \/>\n<meta property=\"article:publisher\" content=\"https:\/\/www.facebook.com\/people\/Acadmie-Internationale-de-Danse-de-Biarritz\/100057286936432\/\" \/>\n<meta property=\"article:modified_time\" content=\"2024-12-23T11:33:48+00:00\" \/>\n<meta property=\"og:image\" content=\"https:\/\/www.biarritz-academie-danse.com\/wp-content\/uploads\/2024\/12\/Beatrice-Legendre-David-Herrero-scaled-e1734949881665-300x300.jpg\" \/>\n<meta name=\"twitter:card\" content=\"summary_large_image\" \/>\n<meta name=\"twitter:label1\" content=\"Estimated reading time\" \/>\n\t<meta name=\"twitter:data1\" content=\"1 minute\" \/>\n<script type=\"application\/ld+json\" class=\"yoast-schema-graph\">{\"@context\":\"https:\/\/schema.org\",\"@graph\":[{\"@type\":\"WebPage\",\"@id\":\"https:\/\/www.biarritz-academie-danse.com\/beatrice-legendre-choukroun\/\",\"url\":\"https:\/\/www.biarritz-academie-danse.com\/beatrice-legendre-choukroun\/\",\"name\":\"B\u00e9atrice Legendre-Choukroun - Biarritz Acad\u00e9mie de danse\",\"isPartOf\":{\"@id\":\"https:\/\/www.biarritz-academie-danse.com\/#website\"},\"primaryImageOfPage\":{\"@id\":\"https:\/\/www.biarritz-academie-danse.com\/beatrice-legendre-choukroun\/#primaryimage\"},\"image\":{\"@id\":\"https:\/\/www.biarritz-academie-danse.com\/beatrice-legendre-choukroun\/#primaryimage\"},\"thumbnailUrl\":\"https:\/\/www.biarritz-academie-danse.com\/wp-content\/uploads\/2024\/12\/Beatrice-Legendre-David-Herrero-scaled-e1734949881665-300x300.jpg\",\"datePublished\":\"2024-01-17T17:27:09+00:00\",\"dateModified\":\"2024-12-23T11:33:48+00:00\",\"breadcrumb\":{\"@id\":\"https:\/\/www.biarritz-academie-danse.com\/beatrice-legendre-choukroun\/#breadcrumb\"},\"inLanguage\":\"en-GB\",\"potentialAction\":[{\"@type\":\"ReadAction\",\"target\":[\"https:\/\/www.biarritz-academie-danse.com\/beatrice-legendre-choukroun\/\"]}]},{\"@type\":\"ImageObject\",\"inLanguage\":\"en-GB\",\"@id\":\"https:\/\/www.biarritz-academie-danse.com\/beatrice-legendre-choukroun\/#primaryimage\",\"url\":\"https:\/\/www.biarritz-academie-danse.com\/wp-content\/uploads\/2024\/12\/Beatrice-Legendre-David-Herrero-scaled-e1734949881665-300x300.jpg\",\"contentUrl\":\"https:\/\/www.biarritz-academie-danse.com\/wp-content\/uploads\/2024\/12\/Beatrice-Legendre-David-Herrero-scaled-e1734949881665-300x300.jpg\"},{\"@type\":\"BreadcrumbList\",\"@id\":\"https:\/\/www.biarritz-academie-danse.com\/beatrice-legendre-choukroun\/#breadcrumb\",\"itemListElement\":[{\"@type\":\"ListItem\",\"position\":1,\"name\":\"Accueil\",\"item\":\"https:\/\/www.biarritz-academie-danse.com\/\"},{\"@type\":\"ListItem\",\"position\":2,\"name\":\"B\u00e9atrice Legendre-Choukroun\"}]},{\"@type\":\"WebSite\",\"@id\":\"https:\/\/www.biarritz-academie-danse.com\/#website\",\"url\":\"https:\/\/www.biarritz-academie-danse.com\/\",\"name\":\"Biarritz Acad\u00e9mie de danse\",\"description\":\"site du stage international de danse de biarritz\",\"publisher\":{\"@id\":\"https:\/\/www.biarritz-academie-danse.com\/#organization\"},\"potentialAction\":[{\"@type\":\"SearchAction\",\"target\":{\"@type\":\"EntryPoint\",\"urlTemplate\":\"https:\/\/www.biarritz-academie-danse.com\/?s={search_term_string}\"},\"query-input\":{\"@type\":\"PropertyValueSpecification\",\"valueRequired\":true,\"valueName\":\"search_term_string\"}}],\"inLanguage\":\"en-GB\"},{\"@type\":\"Organization\",\"@id\":\"https:\/\/www.biarritz-academie-danse.com\/#organization\",\"name\":\"Acad\u00e9mie Internationale de Danse de Biarritz\",\"url\":\"https:\/\/www.biarritz-academie-danse.com\/\",\"logo\":{\"@type\":\"ImageObject\",\"inLanguage\":\"en-GB\",\"@id\":\"https:\/\/www.biarritz-academie-danse.com\/#\/schema\/logo\/image\/\",\"url\":\"\",\"contentUrl\":\"\",\"caption\":\"Acad\u00e9mie Internationale de Danse de Biarritz\"},\"image\":{\"@id\":\"https:\/\/www.biarritz-academie-danse.com\/#\/schema\/logo\/image\/\"},\"sameAs\":[\"https:\/\/www.facebook.com\/people\/Acadmie-Internationale-de-Danse-de-Biarritz\/100057286936432\/\",\"https:\/\/www.instagram.com\/academie_danse_biarritz\/\"]}]}<\/script>\n<!-- \/ Yoast SEO plugin. -->","yoast_head_json":{"title":"B\u00e9atrice Legendre-Choukroun - Biarritz Acad\u00e9mie de danse","robots":{"index":"index","follow":"follow","max-snippet":"max-snippet:-1","max-image-preview":"max-image-preview:large","max-video-preview":"max-video-preview:-1"},"canonical":"https:\/\/www.biarritz-academie-danse.com\/en\/beatrice-legendre-choukroun\/","og_locale":"en_GB","og_type":"article","og_title":"B\u00e9atrice Legendre-Choukroun - Biarritz Acad\u00e9mie de danse","og_description":"B\u00e9atrice Legendre-Choukroun Danseuse dans de nombreuses compagnies, professeur titulaire des conservatoires de Paris, sa m\u00e9thode de barre \u00e0 terre d\u00e9veloppe force, endurance, souplesse, coordination et conscience corporelle. Au travers d\u2019une s\u00e9rie d\u2019exercices progressifs ex\u00e9cut\u00e9s au sol, elle permet de sculpter [&hellip;]","og_url":"https:\/\/www.biarritz-academie-danse.com\/en\/beatrice-legendre-choukroun\/","og_site_name":"Biarritz Acad\u00e9mie de danse","article_publisher":"https:\/\/www.facebook.com\/people\/Acadmie-Internationale-de-Danse-de-Biarritz\/100057286936432\/","article_modified_time":"2024-12-23T11:33:48+00:00","og_image":[{"url":"https:\/\/www.biarritz-academie-danse.com\/wp-content\/uploads\/2024\/12\/Beatrice-Legendre-David-Herrero-scaled-e1734949881665-300x300.jpg"}],"twitter_card":"summary_large_image","twitter_misc":{"Estimated reading time":"1 minute"},"schema":{"@context":"https:\/\/schema.org","@graph":[{"@type":"WebPage","@id":"https:\/\/www.biarritz-academie-danse.com\/beatrice-legendre-choukroun\/","url":"https:\/\/www.biarritz-academie-danse.com\/beatrice-legendre-choukroun\/","name":"B\u00e9atrice Legendre-Choukroun - Biarritz Acad\u00e9mie de danse","isPartOf":{"@id":"https:\/\/www.biarritz-academie-danse.com\/#website"},"primaryImageOfPage":{"@id":"https:\/\/www.biarritz-academie-danse.com\/beatrice-legendre-choukroun\/#primaryimage"},"image":{"@id":"https:\/\/www.biarritz-academie-danse.com\/beatrice-legendre-choukroun\/#primaryimage"},"thumbnailUrl":"https:\/\/www.biarritz-academie-danse.com\/wp-content\/uploads\/2024\/12\/Beatrice-Legendre-David-Herrero-scaled-e1734949881665-300x300.jpg","datePublished":"2024-01-17T17:27:09+00:00","dateModified":"2024-12-23T11:33:48+00:00","breadcrumb":{"@id":"https:\/\/www.biarritz-academie-danse.com\/beatrice-legendre-choukroun\/#breadcrumb"},"inLanguage":"en-GB","potentialAction":[{"@type":"ReadAction","target":["https:\/\/www.biarritz-academie-danse.com\/beatrice-legendre-choukroun\/"]}]},{"@type":"ImageObject","inLanguage":"en-GB","@id":"https:\/\/www.biarritz-academie-danse.com\/beatrice-legendre-choukroun\/#primaryimage","url":"https:\/\/www.biarritz-academie-danse.com\/wp-content\/uploads\/2024\/12\/Beatrice-Legendre-David-Herrero-scaled-e1734949881665-300x300.jpg","contentUrl":"https:\/\/www.biarritz-academie-danse.com\/wp-content\/uploads\/2024\/12\/Beatrice-Legendre-David-Herrero-scaled-e1734949881665-300x300.jpg"},{"@type":"BreadcrumbList","@id":"https:\/\/www.biarritz-academie-danse.com\/beatrice-legendre-choukroun\/#breadcrumb","itemListElement":[{"@type":"ListItem","position":1,"name":"Accueil","item":"https:\/\/www.biarritz-academie-danse.com\/"},{"@type":"ListItem","position":2,"name":"B\u00e9atrice Legendre-Choukroun"}]},{"@type":"WebSite","@id":"https:\/\/www.biarritz-academie-danse.com\/#website","url":"https:\/\/www.biarritz-academie-danse.com\/","name":"Biarritz Acad\u00e9mie de danse","description":"site du stage international de danse de biarritz","publisher":{"@id":"https:\/\/www.biarritz-academie-danse.com\/#organization"},"potentialAction":[{"@type":"SearchAction","target":{"@type":"EntryPoint","urlTemplate":"https:\/\/www.biarritz-academie-danse.com\/?s={search_term_string}"},"query-input":{"@type":"PropertyValueSpecification","valueRequired":true,"valueName":"search_term_string"}}],"inLanguage":"en-GB"},{"@type":"Organization","@id":"https:\/\/www.biarritz-academie-danse.com\/#organization","name":"Acad\u00e9mie Internationale de Danse de Biarritz","url":"https:\/\/www.biarritz-academie-danse.com\/","logo":{"@type":"ImageObject","inLanguage":"en-GB","@id":"https:\/\/www.biarritz-academie-danse.com\/#\/schema\/logo\/image\/","url":"","contentUrl":"","caption":"Acad\u00e9mie Internationale de Danse de Biarritz"},"image":{"@id":"https:\/\/www.biarritz-academie-danse.com\/#\/schema\/logo\/image\/"},"sameAs":["https:\/\/www.facebook.com\/people\/Acadmie-Internationale-de-Danse-de-Biarritz\/100057286936432\/","https:\/\/www.instagram.com\/academie_danse_biarritz\/"]}]}},"_links":{"self":[{"href":"https:\/\/www.biarritz-academie-danse.com\/en\/wp-json\/wp\/v2\/pages\/4030"}],"collection":[{"href":"https:\/\/www.biarritz-academie-danse.com\/en\/wp-json\/wp\/v2\/pages"}],"about":[{"href":"https:\/\/www.biarritz-academie-danse.com\/en\/wp-json\/wp\/v2\/types\/page"}],"author":[{"embeddable":true,"href":"https:\/\/www.biarritz-academie-danse.com\/en\/wp-json\/wp\/v2\/users\/2"}],"replies":[{"embeddable":true,"href":"https:\/\/www.biarritz-academie-danse.com\/en\/wp-json\/wp\/v2\/comments?post=4030"}],"version-history":[{"count":19,"href":"https:\/\/www.biarritz-academie-danse.com\/en\/wp-json\/wp\/v2\/pages\/4030\/revisions"}],"predecessor-version":[{"id":6634,"href":"https:\/\/www.biarritz-academie-danse.com\/en\/wp-json\/wp\/v2\/pages\/4030\/revisions\/6634"}],"wp:attachment":[{"href":"https:\/\/www.biarritz-academie-danse.com\/en\/wp-json\/wp\/v2\/media?parent=4030"}],"curies":[{"name":"wp","href":"https:\/\/api.w.org\/{rel}","templated":true}]}}