{"id":4029,"date":"2024-01-17T17:15:27","date_gmt":"2024-01-17T17:15:27","guid":{"rendered":"https:\/\/malandainac.greenshift.eu\/?page_id=4029"},"modified":"2024-01-31T13:52:13","modified_gmt":"2024-01-31T13:52:13","slug":"bertrand-belem","status":"publish","type":"page","link":"https:\/\/www.biarritz-academie-danse.com\/en\/bertrand-belem\/","title":{"rendered":"Bertrand Belem"},"content":{"rendered":"\t\t<div data-elementor-type=\"wp-page\" data-elementor-id=\"4029\" class=\"elementor elementor-4029\" data-elementor-post-type=\"page\">\n\t\t\t\t<div class=\"elementor-element elementor-element-d66d1e0 e-con-full e-flex e-con e-parent\" data-id=\"d66d1e0\" data-element_type=\"container\" data-settings=\"{&quot;jet_parallax_layout_list&quot;:[],&quot;background_background&quot;:&quot;classic&quot;}\" data-core-v316-plus=\"true\">\n\t\t\t\t<\/div>\n\t\t<div class=\"elementor-element elementor-element-aed341e e-flex e-con-boxed e-con e-parent\" data-id=\"aed341e\" data-element_type=\"container\" data-settings=\"{&quot;jet_parallax_layout_list&quot;:[]}\" data-core-v316-plus=\"true\">\n\t\t\t\t\t<div class=\"e-con-inner\">\n\t\t\t\t<div class=\"elementor-element elementor-element-a43cc46 elementor-widget elementor-widget-spacer\" data-id=\"a43cc46\" data-element_type=\"widget\" data-widget_type=\"spacer.default\">\n\t\t\t\t<div class=\"elementor-widget-container\">\n\t\t\t<style>\/*! elementor - v3.20.0 - 26-03-2024 *\/\n.elementor-column .elementor-spacer-inner{height:var(--spacer-size)}.e-con{--container-widget-width:100%}.e-con-inner>.elementor-widget-spacer,.e-con>.elementor-widget-spacer{width:var(--container-widget-width,var(--spacer-size));--align-self:var(--container-widget-align-self,initial);--flex-shrink:0}.e-con-inner>.elementor-widget-spacer>.elementor-widget-container,.e-con>.elementor-widget-spacer>.elementor-widget-container{height:100%;width:100%}.e-con-inner>.elementor-widget-spacer>.elementor-widget-container>.elementor-spacer,.e-con>.elementor-widget-spacer>.elementor-widget-container>.elementor-spacer{height:100%}.e-con-inner>.elementor-widget-spacer>.elementor-widget-container>.elementor-spacer>.elementor-spacer-inner,.e-con>.elementor-widget-spacer>.elementor-widget-container>.elementor-spacer>.elementor-spacer-inner{height:var(--container-widget-height,var(--spacer-size))}.e-con-inner>.elementor-widget-spacer.elementor-widget-empty,.e-con>.elementor-widget-spacer.elementor-widget-empty{position:relative;min-height:22px;min-width:22px}.e-con-inner>.elementor-widget-spacer.elementor-widget-empty .elementor-widget-empty-icon,.e-con>.elementor-widget-spacer.elementor-widget-empty .elementor-widget-empty-icon{position:absolute;top:0;bottom:0;left:0;right:0;margin:auto;padding:0;width:22px;height:22px}<\/style>\t\t<div class=\"elementor-spacer\">\n\t\t\t<div class=\"elementor-spacer-inner\"><\/div>\n\t\t<\/div>\n\t\t\t\t<\/div>\n\t\t\t\t<\/div>\n\t\t\t\t<div class=\"elementor-element elementor-element-74e1caa elementor-widget elementor-widget-spacer\" data-id=\"74e1caa\" data-element_type=\"widget\" data-widget_type=\"spacer.default\">\n\t\t\t\t<div class=\"elementor-widget-container\">\n\t\t\t\t\t<div class=\"elementor-spacer\">\n\t\t\t<div class=\"elementor-spacer-inner\"><\/div>\n\t\t<\/div>\n\t\t\t\t<\/div>\n\t\t\t\t<\/div>\n\t\t\t\t\t<\/div>\n\t\t\t\t<\/div>\n\t\t<div class=\"elementor-element elementor-element-9b46c0a e-flex e-con-boxed e-con e-parent\" data-id=\"9b46c0a\" data-element_type=\"container\" data-settings=\"{&quot;jet_parallax_layout_list&quot;:[]}\" data-core-v316-plus=\"true\">\n\t\t\t\t\t<div class=\"e-con-inner\">\n\t\t\t\t<div class=\"elementor-element elementor-element-e1ed0e2 elementor-widget elementor-widget-heading\" data-id=\"e1ed0e2\" data-element_type=\"widget\" data-widget_type=\"heading.default\">\n\t\t\t\t<div class=\"elementor-widget-container\">\n\t\t\t<style>\/*! elementor - v3.20.0 - 26-03-2024 *\/\n.elementor-heading-title{padding:0;margin:0;line-height:1}.elementor-widget-heading .elementor-heading-title[class*=elementor-size-]>a{color:inherit;font-size:inherit;line-height:inherit}.elementor-widget-heading .elementor-heading-title.elementor-size-small{font-size:15px}.elementor-widget-heading .elementor-heading-title.elementor-size-medium{font-size:19px}.elementor-widget-heading .elementor-heading-title.elementor-size-large{font-size:29px}.elementor-widget-heading .elementor-heading-title.elementor-size-xl{font-size:39px}.elementor-widget-heading .elementor-heading-title.elementor-size-xxl{font-size:59px}<\/style><h2 class=\"elementor-heading-title elementor-size-default\">Bertrand Belem\n<\/h2>\t\t<\/div>\n\t\t\t\t<\/div>\n\t\t\t\t\t<\/div>\n\t\t\t\t<\/div>\n\t\t<div class=\"elementor-element elementor-element-a56894b e-flex e-con-boxed e-con e-parent\" data-id=\"a56894b\" data-element_type=\"container\" data-settings=\"{&quot;jet_parallax_layout_list&quot;:[]}\" data-core-v316-plus=\"true\">\n\t\t\t\t\t<div class=\"e-con-inner\">\n\t\t\t\t<div class=\"elementor-element elementor-element-40ac351 elementor-widget elementor-widget-spacer\" data-id=\"40ac351\" data-element_type=\"widget\" data-widget_type=\"spacer.default\">\n\t\t\t\t<div class=\"elementor-widget-container\">\n\t\t\t\t\t<div class=\"elementor-spacer\">\n\t\t\t<div class=\"elementor-spacer-inner\"><\/div>\n\t\t<\/div>\n\t\t\t\t<\/div>\n\t\t\t\t<\/div>\n\t\t\t\t\t<\/div>\n\t\t\t\t<\/div>\n\t\t<div class=\"elementor-element elementor-element-aaecf9b e-flex e-con-boxed e-con e-parent\" data-id=\"aaecf9b\" data-element_type=\"container\" data-settings=\"{&quot;jet_parallax_layout_list&quot;:[]}\" data-core-v316-plus=\"true\">\n\t\t\t\t\t<div class=\"e-con-inner\">\n\t\t<div class=\"elementor-element elementor-element-0e3d6a0 e-con-full e-flex e-con e-child\" data-id=\"0e3d6a0\" data-element_type=\"container\" data-settings=\"{&quot;jet_parallax_layout_list&quot;:[]}\">\n\t\t\t\t<div class=\"elementor-element elementor-element-0039b1e elementor-widget elementor-widget-image\" data-id=\"0039b1e\" data-element_type=\"widget\" data-widget_type=\"image.default\">\n\t\t\t\t<div class=\"elementor-widget-container\">\n\t\t\t<style>\/*! elementor - v3.20.0 - 26-03-2024 *\/\n.elementor-widget-image{text-align:center}.elementor-widget-image a{display:inline-block}.elementor-widget-image a img[src$=\".svg\"]{width:48px}.elementor-widget-image img{vertical-align:middle;display:inline-block}<\/style>\t\t\t\t\t\t\t\t\t\t<img fetchpriority=\"high\" decoding=\"async\" width=\"300\" height=\"300\" src=\"https:\/\/www.biarritz-academie-danse.com\/wp-content\/uploads\/2024\/01\/belem-sqr-300x300.jpg\" class=\"attachment-medium size-medium wp-image-5939\" alt=\"Bertrand Belem, professeur - \u00e9quipe p\u00e9dagogique de l&#039;Acad\u00e9mie\" srcset=\"https:\/\/www.biarritz-academie-danse.com\/wp-content\/uploads\/2024\/01\/belem-sqr-300x300.jpg 300w, https:\/\/www.biarritz-academie-danse.com\/wp-content\/uploads\/2024\/01\/belem-sqr-150x150.jpg 150w, https:\/\/www.biarritz-academie-danse.com\/wp-content\/uploads\/2024\/01\/belem-sqr-12x12.jpg 12w, https:\/\/www.biarritz-academie-danse.com\/wp-content\/uploads\/2024\/01\/belem-sqr.jpg 480w\" sizes=\"(max-width: 300px) 100vw, 300px\" \/>\t\t\t\t\t\t\t\t\t\t\t\t\t<\/div>\n\t\t\t\t<\/div>\n\t\t\t\t<\/div>\n\t\t<div class=\"elementor-element elementor-element-2a8d65a e-con-full e-flex e-con e-child\" data-id=\"2a8d65a\" data-element_type=\"container\" data-settings=\"{&quot;jet_parallax_layout_list&quot;:[]}\">\n\t\t\t\t<div class=\"elementor-element elementor-element-655f3e5 elementor-widget elementor-widget-text-editor\" data-id=\"655f3e5\" data-element_type=\"widget\" data-widget_type=\"text-editor.default\">\n\t\t\t\t<div class=\"elementor-widget-container\">\n\t\t\t<style>\/*! elementor - v3.20.0 - 26-03-2024 *\/\n.elementor-widget-text-editor.elementor-drop-cap-view-stacked .elementor-drop-cap{background-color:#69727d;color:#fff}.elementor-widget-text-editor.elementor-drop-cap-view-framed .elementor-drop-cap{color:#69727d;border:3px solid;background-color:transparent}.elementor-widget-text-editor:not(.elementor-drop-cap-view-default) .elementor-drop-cap{margin-top:8px}.elementor-widget-text-editor:not(.elementor-drop-cap-view-default) .elementor-drop-cap-letter{width:1em;height:1em}.elementor-widget-text-editor .elementor-drop-cap{float:left;text-align:center;line-height:1;font-size:50px}.elementor-widget-text-editor .elementor-drop-cap-letter{display:inline-block}<\/style>\t\t\t\t<p><span style=\"font-size: 16px; background-color: rgb(255, 255, 255);\">Danseur \u00e0 l\u2019Op\u00e9ra de Paris, puis professeur au Conservatoire national sup\u00e9rieur de Musique et de Danse de Paris (CNSMDP), il a d\u00e9but\u00e9 la danse avec Ren\u00e9 Bon. Il est promu Choryph\u00e9e en 1987 puis Sujet l\u2019ann\u00e9e suivante. Il se voit d\u00e9cerner la m\u00e9daille de bronze au concours international Varna et le prix Carpeaux \u00e0 l\u2019Op\u00e9ra de Paris. Depuis 2011, il enseigne au Conservatoire national sup\u00e9rieur de Musique et de Danse de Paris.<\/span><br><\/p>\t\t\t\t\t\t<\/div>\n\t\t\t\t<\/div>\n\t\t\t\t<\/div>\n\t\t\t\t\t<\/div>\n\t\t\t\t<\/div>\n\t\t<div class=\"elementor-element elementor-element-0109b19 e-flex e-con-boxed e-con e-parent\" data-id=\"0109b19\" data-element_type=\"container\" data-settings=\"{&quot;jet_parallax_layout_list&quot;:[]}\" data-core-v316-plus=\"true\">\n\t\t\t\t\t<div class=\"e-con-inner\">\n\t\t\t\t<div class=\"elementor-element elementor-element-deeff80 elementor-widget elementor-widget-spacer\" data-id=\"deeff80\" data-element_type=\"widget\" data-widget_type=\"spacer.default\">\n\t\t\t\t<div class=\"elementor-widget-container\">\n\t\t\t\t\t<div class=\"elementor-spacer\">\n\t\t\t<div class=\"elementor-spacer-inner\"><\/div>\n\t\t<\/div>\n\t\t\t\t<\/div>\n\t\t\t\t<\/div>\n\t\t\t\t\t<\/div>\n\t\t\t\t<\/div>\n\t\t\t\t<\/div>\n\t\t","protected":false},"excerpt":{"rendered":"<p>Bertrand Belem Danseur \u00e0 l\u2019Op\u00e9ra de Paris, puis professeur au Conservatoire national sup\u00e9rieur de Musique et de Danse de Paris (CNSMDP), il a d\u00e9but\u00e9 la danse avec Ren\u00e9 Bon. Il est promu Choryph\u00e9e en 1987 puis Sujet l\u2019ann\u00e9e suivante. Il [&hellip;]<\/p>\n","protected":false},"author":2,"featured_media":0,"parent":0,"menu_order":0,"comment_status":"closed","ping_status":"closed","template":"elementor_header_footer","meta":{"_acf_changed":false,"footnotes":""},"acf":[],"yoast_head":"<!-- This site is optimized with the Yoast SEO plugin v23.5 - https:\/\/yoast.com\/wordpress\/plugins\/seo\/ -->\n<title>Bertrand Belem - Biarritz Acad\u00e9mie de danse<\/title>\n<meta name=\"robots\" content=\"index, follow, max-snippet:-1, max-image-preview:large, max-video-preview:-1\" \/>\n<link rel=\"canonical\" href=\"https:\/\/www.biarritz-academie-danse.com\/en\/bertrand-belem\/\" \/>\n<meta property=\"og:locale\" content=\"en_GB\" \/>\n<meta property=\"og:type\" content=\"article\" \/>\n<meta property=\"og:title\" content=\"Bertrand Belem - Biarritz Acad\u00e9mie de danse\" \/>\n<meta property=\"og:description\" content=\"Bertrand Belem Danseur \u00e0 l\u2019Op\u00e9ra de Paris, puis professeur au Conservatoire national sup\u00e9rieur de Musique et de Danse de Paris (CNSMDP), il a d\u00e9but\u00e9 la danse avec Ren\u00e9 Bon. Il est promu Choryph\u00e9e en 1987 puis Sujet l\u2019ann\u00e9e suivante. Il [&hellip;]\" \/>\n<meta property=\"og:url\" content=\"https:\/\/www.biarritz-academie-danse.com\/en\/bertrand-belem\/\" \/>\n<meta property=\"og:site_name\" content=\"Biarritz Acad\u00e9mie de danse\" \/>\n<meta property=\"article:publisher\" content=\"https:\/\/www.facebook.com\/people\/Acadmie-Internationale-de-Danse-de-Biarritz\/100057286936432\/\" \/>\n<meta property=\"article:modified_time\" content=\"2024-01-31T13:52:13+00:00\" \/>\n<meta property=\"og:image\" content=\"https:\/\/www.biarritz-academie-danse.com\/wp-content\/uploads\/2024\/01\/belem-sqr-300x300.jpg\" \/>\n<meta name=\"twitter:card\" content=\"summary_large_image\" \/>\n<meta name=\"twitter:label1\" content=\"Estimated reading time\" \/>\n\t<meta name=\"twitter:data1\" content=\"1 minute\" \/>\n<script type=\"application\/ld+json\" class=\"yoast-schema-graph\">{\"@context\":\"https:\/\/schema.org\",\"@graph\":[{\"@type\":\"WebPage\",\"@id\":\"https:\/\/www.biarritz-academie-danse.com\/bertrand-belem\/\",\"url\":\"https:\/\/www.biarritz-academie-danse.com\/bertrand-belem\/\",\"name\":\"Bertrand Belem - Biarritz Acad\u00e9mie de danse\",\"isPartOf\":{\"@id\":\"https:\/\/www.biarritz-academie-danse.com\/#website\"},\"primaryImageOfPage\":{\"@id\":\"https:\/\/www.biarritz-academie-danse.com\/bertrand-belem\/#primaryimage\"},\"image\":{\"@id\":\"https:\/\/www.biarritz-academie-danse.com\/bertrand-belem\/#primaryimage\"},\"thumbnailUrl\":\"https:\/\/www.biarritz-academie-danse.com\/wp-content\/uploads\/2024\/01\/belem-sqr-300x300.jpg\",\"datePublished\":\"2024-01-17T17:15:27+00:00\",\"dateModified\":\"2024-01-31T13:52:13+00:00\",\"breadcrumb\":{\"@id\":\"https:\/\/www.biarritz-academie-danse.com\/bertrand-belem\/#breadcrumb\"},\"inLanguage\":\"en-GB\",\"potentialAction\":[{\"@type\":\"ReadAction\",\"target\":[\"https:\/\/www.biarritz-academie-danse.com\/bertrand-belem\/\"]}]},{\"@type\":\"ImageObject\",\"inLanguage\":\"en-GB\",\"@id\":\"https:\/\/www.biarritz-academie-danse.com\/bertrand-belem\/#primaryimage\",\"url\":\"https:\/\/www.biarritz-academie-danse.com\/wp-content\/uploads\/2024\/01\/belem-sqr-300x300.jpg\",\"contentUrl\":\"https:\/\/www.biarritz-academie-danse.com\/wp-content\/uploads\/2024\/01\/belem-sqr-300x300.jpg\"},{\"@type\":\"BreadcrumbList\",\"@id\":\"https:\/\/www.biarritz-academie-danse.com\/bertrand-belem\/#breadcrumb\",\"itemListElement\":[{\"@type\":\"ListItem\",\"position\":1,\"name\":\"Accueil\",\"item\":\"https:\/\/www.biarritz-academie-danse.com\/\"},{\"@type\":\"ListItem\",\"position\":2,\"name\":\"Bertrand Belem\"}]},{\"@type\":\"WebSite\",\"@id\":\"https:\/\/www.biarritz-academie-danse.com\/#website\",\"url\":\"https:\/\/www.biarritz-academie-danse.com\/\",\"name\":\"Biarritz Acad\u00e9mie de danse\",\"description\":\"site du stage international de danse de biarritz\",\"publisher\":{\"@id\":\"https:\/\/www.biarritz-academie-danse.com\/#organization\"},\"potentialAction\":[{\"@type\":\"SearchAction\",\"target\":{\"@type\":\"EntryPoint\",\"urlTemplate\":\"https:\/\/www.biarritz-academie-danse.com\/?s={search_term_string}\"},\"query-input\":{\"@type\":\"PropertyValueSpecification\",\"valueRequired\":true,\"valueName\":\"search_term_string\"}}],\"inLanguage\":\"en-GB\"},{\"@type\":\"Organization\",\"@id\":\"https:\/\/www.biarritz-academie-danse.com\/#organization\",\"name\":\"Acad\u00e9mie Internationale de Danse de Biarritz\",\"url\":\"https:\/\/www.biarritz-academie-danse.com\/\",\"logo\":{\"@type\":\"ImageObject\",\"inLanguage\":\"en-GB\",\"@id\":\"https:\/\/www.biarritz-academie-danse.com\/#\/schema\/logo\/image\/\",\"url\":\"\",\"contentUrl\":\"\",\"caption\":\"Acad\u00e9mie Internationale de Danse de Biarritz\"},\"image\":{\"@id\":\"https:\/\/www.biarritz-academie-danse.com\/#\/schema\/logo\/image\/\"},\"sameAs\":[\"https:\/\/www.facebook.com\/people\/Acadmie-Internationale-de-Danse-de-Biarritz\/100057286936432\/\",\"https:\/\/www.instagram.com\/academie_danse_biarritz\/\"]}]}<\/script>\n<!-- \/ Yoast SEO plugin. -->","yoast_head_json":{"title":"Bertrand Belem - Biarritz Acad\u00e9mie de danse","robots":{"index":"index","follow":"follow","max-snippet":"max-snippet:-1","max-image-preview":"max-image-preview:large","max-video-preview":"max-video-preview:-1"},"canonical":"https:\/\/www.biarritz-academie-danse.com\/en\/bertrand-belem\/","og_locale":"en_GB","og_type":"article","og_title":"Bertrand Belem - Biarritz Acad\u00e9mie de danse","og_description":"Bertrand Belem Danseur \u00e0 l\u2019Op\u00e9ra de Paris, puis professeur au Conservatoire national sup\u00e9rieur de Musique et de Danse de Paris (CNSMDP), il a d\u00e9but\u00e9 la danse avec Ren\u00e9 Bon. Il est promu Choryph\u00e9e en 1987 puis Sujet l\u2019ann\u00e9e suivante. Il [&hellip;]","og_url":"https:\/\/www.biarritz-academie-danse.com\/en\/bertrand-belem\/","og_site_name":"Biarritz Acad\u00e9mie de danse","article_publisher":"https:\/\/www.facebook.com\/people\/Acadmie-Internationale-de-Danse-de-Biarritz\/100057286936432\/","article_modified_time":"2024-01-31T13:52:13+00:00","og_image":[{"url":"https:\/\/www.biarritz-academie-danse.com\/wp-content\/uploads\/2024\/01\/belem-sqr-300x300.jpg"}],"twitter_card":"summary_large_image","twitter_misc":{"Estimated reading time":"1 minute"},"schema":{"@context":"https:\/\/schema.org","@graph":[{"@type":"WebPage","@id":"https:\/\/www.biarritz-academie-danse.com\/bertrand-belem\/","url":"https:\/\/www.biarritz-academie-danse.com\/bertrand-belem\/","name":"Bertrand Belem - Biarritz Acad\u00e9mie de danse","isPartOf":{"@id":"https:\/\/www.biarritz-academie-danse.com\/#website"},"primaryImageOfPage":{"@id":"https:\/\/www.biarritz-academie-danse.com\/bertrand-belem\/#primaryimage"},"image":{"@id":"https:\/\/www.biarritz-academie-danse.com\/bertrand-belem\/#primaryimage"},"thumbnailUrl":"https:\/\/www.biarritz-academie-danse.com\/wp-content\/uploads\/2024\/01\/belem-sqr-300x300.jpg","datePublished":"2024-01-17T17:15:27+00:00","dateModified":"2024-01-31T13:52:13+00:00","breadcrumb":{"@id":"https:\/\/www.biarritz-academie-danse.com\/bertrand-belem\/#breadcrumb"},"inLanguage":"en-GB","potentialAction":[{"@type":"ReadAction","target":["https:\/\/www.biarritz-academie-danse.com\/bertrand-belem\/"]}]},{"@type":"ImageObject","inLanguage":"en-GB","@id":"https:\/\/www.biarritz-academie-danse.com\/bertrand-belem\/#primaryimage","url":"https:\/\/www.biarritz-academie-danse.com\/wp-content\/uploads\/2024\/01\/belem-sqr-300x300.jpg","contentUrl":"https:\/\/www.biarritz-academie-danse.com\/wp-content\/uploads\/2024\/01\/belem-sqr-300x300.jpg"},{"@type":"BreadcrumbList","@id":"https:\/\/www.biarritz-academie-danse.com\/bertrand-belem\/#breadcrumb","itemListElement":[{"@type":"ListItem","position":1,"name":"Accueil","item":"https:\/\/www.biarritz-academie-danse.com\/"},{"@type":"ListItem","position":2,"name":"Bertrand Belem"}]},{"@type":"WebSite","@id":"https:\/\/www.biarritz-academie-danse.com\/#website","url":"https:\/\/www.biarritz-academie-danse.com\/","name":"Biarritz Acad\u00e9mie de danse","description":"site du stage international de danse de biarritz","publisher":{"@id":"https:\/\/www.biarritz-academie-danse.com\/#organization"},"potentialAction":[{"@type":"SearchAction","target":{"@type":"EntryPoint","urlTemplate":"https:\/\/www.biarritz-academie-danse.com\/?s={search_term_string}"},"query-input":{"@type":"PropertyValueSpecification","valueRequired":true,"valueName":"search_term_string"}}],"inLanguage":"en-GB"},{"@type":"Organization","@id":"https:\/\/www.biarritz-academie-danse.com\/#organization","name":"Acad\u00e9mie Internationale de Danse de Biarritz","url":"https:\/\/www.biarritz-academie-danse.com\/","logo":{"@type":"ImageObject","inLanguage":"en-GB","@id":"https:\/\/www.biarritz-academie-danse.com\/#\/schema\/logo\/image\/","url":"","contentUrl":"","caption":"Acad\u00e9mie Internationale de Danse de Biarritz"},"image":{"@id":"https:\/\/www.biarritz-academie-danse.com\/#\/schema\/logo\/image\/"},"sameAs":["https:\/\/www.facebook.com\/people\/Acadmie-Internationale-de-Danse-de-Biarritz\/100057286936432\/","https:\/\/www.instagram.com\/academie_danse_biarritz\/"]}]}},"_links":{"self":[{"href":"https:\/\/www.biarritz-academie-danse.com\/en\/wp-json\/wp\/v2\/pages\/4029"}],"collection":[{"href":"https:\/\/www.biarritz-academie-danse.com\/en\/wp-json\/wp\/v2\/pages"}],"about":[{"href":"https:\/\/www.biarritz-academie-danse.com\/en\/wp-json\/wp\/v2\/types\/page"}],"author":[{"embeddable":true,"href":"https:\/\/www.biarritz-academie-danse.com\/en\/wp-json\/wp\/v2\/users\/2"}],"replies":[{"embeddable":true,"href":"https:\/\/www.biarritz-academie-danse.com\/en\/wp-json\/wp\/v2\/comments?post=4029"}],"version-history":[{"count":16,"href":"https:\/\/www.biarritz-academie-danse.com\/en\/wp-json\/wp\/v2\/pages\/4029\/revisions"}],"predecessor-version":[{"id":5945,"href":"https:\/\/www.biarritz-academie-danse.com\/en\/wp-json\/wp\/v2\/pages\/4029\/revisions\/5945"}],"wp:attachment":[{"href":"https:\/\/www.biarritz-academie-danse.com\/en\/wp-json\/wp\/v2\/media?parent=4029"}],"curies":[{"name":"wp","href":"https:\/\/api.w.org\/{rel}","templated":true}]}}